{"id":23,"date":"2023-09-05T07:02:43","date_gmt":"2023-09-05T07:02:43","guid":{"rendered":"https:\/\/brillodivino.com\/cart\/"},"modified":"2023-09-19T09:02:37","modified_gmt":"2023-09-19T09:02:37","slug":"cart","status":"publish","type":"page","link":"https:\/\/brillodivino.com\/en\/cart\/","title":{"rendered":"Cart"},"content":{"rendered":"<div data-elementor-type=\"wp-page\" data-elementor-id=\"23\" class=\"elementor elementor-23\" data-elementor-post-type=\"page\">\n\t\t\t\t\t\t\t\t\t<section class=\"elementor-section elementor-top-section elementor-element elementor-element-9c73826 elementor-section-boxed elementor-section-height-default elementor-section-height-default\" data-id=\"9c73826\" data-element_type=\"section\">\n\t\t\t\t\t\t<div class=\"elementor-container elementor-column-gap-default\">\n\t\t\t\t\t<div class=\"elementor-column elementor-col-100 elementor-top-column elementor-element elementor-element-f31348a\" data-id=\"f31348a\" data-element_type=\"column\">\n\t\t\t<div class=\"elementor-widget-wrap elementor-element-populated\">\n\t\t\t\t\t\t\t\t\t<\/div>\n\t\t<\/div>\n\t\t\t\t\t\t\t<\/div>\n\t\t<\/section>\n\t\t\t\t<section class=\"elementor-section elementor-top-section elementor-element elementor-element-29955d6c elementor-section-boxed elementor-section-height-default elementor-section-height-default\" data-id=\"29955d6c\" data-element_type=\"section\">\n\t\t\t\t\t\t<div class=\"elementor-container elementor-column-gap-default\">\n\t\t\t\t\t<div class=\"elementor-column elementor-col-100 elementor-top-column elementor-element elementor-element-799693fd\" data-id=\"799693fd\" data-element_type=\"column\">\n\t\t\t<div class=\"elementor-widget-wrap elementor-element-populated\">\n\t\t\t\t\t\t\t\t\t<\/div>\n\t\t<\/div>\n\t\t\t\t\t\t\t<\/div>\n\t\t<\/section>\n\t\t\t\t\t\t\t<\/div>","protected":false},"excerpt":{"rendered":"<p>Remove item Thumbnail image Product Price Quantity Subtotal &times; Bordeaux Sup\u00e9rieur 2019 &#8211; Ch\u00e2teau Fleur Haut Gaussens &euro;9.90 Bordeaux Sup\u00e9rieur 2019 &#8211; Ch\u00e2teau Fleur Haut Gaussens quantity &euro;29.70 &times; Champagne Brut &#8220;La Cuv\u00e9e&#8221; &#8211; Laurent-Perrier &euro;42.50 Champagne Brut &quot;La Cuv\u00e9e&quot; &#8211; Laurent-Perrier quantity &euro;42.50 &times; Champagne Brut &#8220;red 2 &euro;42.50 Champagne Brut &quot;red 2 quantity [&hellip;]<\/p>","protected":false},"author":1,"featured_media":0,"parent":0,"menu_order":0,"comment_status":"closed","ping_status":"closed","template":"","meta":{"footnotes":""},"_links":{"self":[{"href":"https:\/\/brillodivino.com\/en\/wp-json\/wp\/v2\/pages\/23"}],"collection":[{"href":"https:\/\/brillodivino.com\/en\/wp-json\/wp\/v2\/pages"}],"about":[{"href":"https:\/\/brillodivino.com\/en\/wp-json\/wp\/v2\/types\/page"}],"author":[{"embeddable":true,"href":"https:\/\/brillodivino.com\/en\/wp-json\/wp\/v2\/users\/1"}],"replies":[{"embeddable":true,"href":"https:\/\/brillodivino.com\/en\/wp-json\/wp\/v2\/comments?post=23"}],"version-history":[{"count":6,"href":"https:\/\/brillodivino.com\/en\/wp-json\/wp\/v2\/pages\/23\/revisions"}],"predecessor-version":[{"id":1189,"href":"https:\/\/brillodivino.com\/en\/wp-json\/wp\/v2\/pages\/23\/revisions\/1189"}],"wp:attachment":[{"href":"https:\/\/brillodivino.com\/en\/wp-json\/wp\/v2\/media?parent=23"}],"curies":[{"name":"wp","href":"https:\/\/api.w.org\/{rel}","templated":true}]}}