{"id":2258,"date":"2026-04-23T15:24:56","date_gmt":"2026-04-23T15:24:56","guid":{"rendered":"https:\/\/brillodivino.com\/?post_type=product&#038;p=2258"},"modified":"2026-04-23T15:24:56","modified_gmt":"2026-04-23T15:24:56","slug":"aaaaa","status":"publish","type":"product","link":"https:\/\/brillodivino.com\/en\/product\/aaaaa\/","title":{"rendered":"aaaaa"},"content":{"rendered":"<p>La\u00a0Ferrari Riserva Bruno Lunelli 2006 rappresenta l\u2019apice del Metodo Classico trentino, dedicata all\u2019uomo che ha segnato la storia della maison. Prodotta esclusivamente da Chardonnay coltivato in vigneti di montagna selezionati e solo nelle annate straordinarie, questa Riserva affina per oltre 15 anni sui lieviti, rivelando complessit\u00e0 e profondit\u00e0 uniche. Nel calice brilla di un colore oro intenso, attraversato da un perlage sottilissimo e continuo. Al naso si apre con note tostate e saline, che evolvono verso frutta gialla matura, agrumi canditi, mela cotogna, zafferano, spezie orientali e sfumature balsamiche. Il sorso \u00e8 maestoso e avvolgente, equilibrato tra freschezza e cremosit\u00e0, con un finale lunghissimo e preciso. Ogni bottiglia \u00e8 custodita in un cofanetto numerato , per celebrare un mito della spumantistica italiana.<\/p>\n<p>Caratteristiche<br \/>\nCantina: Ferrari<br \/>\nAnnata:\u00a02006<br \/>\nVitigno:\u00a0Chardonnay<br \/>\nRegione:\u00a0Trentino<br \/>\nGradazione:\u00a012,5\u00b0<br \/>\nAbbinamenti:\u00a0Crostacei, Crudi di pesce, Formaggi, Ostriche, Pesce, Sushi<br \/>\nCalice:\u00a0Ballon fl\u00fbte<\/p>\n<p>Formato:\u00a00,75 L<br \/>\nMetodo:\u00a0Metodo Classico<\/p>","protected":false},"excerpt":{"rendered":"<p>La\u00a0Ferrari Riserva Bruno Lunelli 2006 rappresenta l\u2019apice del Metodo Classico trentino, dedicata all\u2019uomo che ha segnato la storia della maison. Prodotta esclusivamente da Chardonnay coltivato in vigneti di montagna selezionati e solo nelle annate straordinarie, questa Riserva affina per oltre 15 anni sui lieviti, rivelando complessit\u00e0 e profondit\u00e0 uniche. Nel calice brilla di un colore [&hellip;]<\/p>","protected":false},"featured_media":0,"comment_status":"open","ping_status":"closed","template":"","meta":[],"product_cat":[435,444],"product_tag":[],"_links":{"self":[{"href":"https:\/\/brillodivino.com\/en\/wp-json\/wp\/v2\/product\/2258"}],"collection":[{"href":"https:\/\/brillodivino.com\/en\/wp-json\/wp\/v2\/product"}],"about":[{"href":"https:\/\/brillodivino.com\/en\/wp-json\/wp\/v2\/types\/product"}],"replies":[{"embeddable":true,"href":"https:\/\/brillodivino.com\/en\/wp-json\/wp\/v2\/comments?post=2258"}],"wp:attachment":[{"href":"https:\/\/brillodivino.com\/en\/wp-json\/wp\/v2\/media?parent=2258"}],"wp:term":[{"taxonomy":"product_cat","embeddable":true,"href":"https:\/\/brillodivino.com\/en\/wp-json\/wp\/v2\/product_cat?post=2258"},{"taxonomy":"product_tag","embeddable":true,"href":"https:\/\/brillodivino.com\/en\/wp-json\/wp\/v2\/product_tag?post=2258"}],"curies":[{"name":"wp","href":"https:\/\/api.w.org\/{rel}","templated":true}]}}